{"id":84,"date":"2020-10-17T11:27:44","date_gmt":"2020-10-17T11:27:44","guid":{"rendered":"http:\/\/psychologie-gepp.at\/?page_id=84"},"modified":"2025-03-04T20:36:52","modified_gmt":"2025-03-04T20:36:52","slug":"ueber-mich","status":"publish","type":"page","link":"https:\/\/psychologie-gepp.at\/?page_id=84","title":{"rendered":"\u00dcber Mich"},"content":{"rendered":"\n<div class=\"wp-block-media-text alignwide has-media-on-the-right is-stacked-on-mobile is-vertically-aligned-top has-black-color has-text-color\" style=\"grid-template-columns:auto 32%\"><figure class=\"wp-block-media-text__media\"><img loading=\"lazy\" decoding=\"async\" width=\"683\" height=\"1024\" src=\"http:\/\/psychologie-gepp.at\/wp-content\/uploads\/2020\/11\/Foto-f.-Homepage-3-1-683x1024.jpg\" alt=\"\" class=\"wp-image-131\" srcset=\"https:\/\/psychologie-gepp.at\/wp-content\/uploads\/2020\/11\/Foto-f.-Homepage-3-1-683x1024.jpg 683w, https:\/\/psychologie-gepp.at\/wp-content\/uploads\/2020\/11\/Foto-f.-Homepage-3-1-200x300.jpg 200w, https:\/\/psychologie-gepp.at\/wp-content\/uploads\/2020\/11\/Foto-f.-Homepage-3-1-768x1152.jpg 768w, https:\/\/psychologie-gepp.at\/wp-content\/uploads\/2020\/11\/Foto-f.-Homepage-3-1-1024x1536.jpg 1024w, https:\/\/psychologie-gepp.at\/wp-content\/uploads\/2020\/11\/Foto-f.-Homepage-3-1-1365x2048.jpg 1365w, https:\/\/psychologie-gepp.at\/wp-content\/uploads\/2020\/11\/Foto-f.-Homepage-3-1-1568x2352.jpg 1568w, https:\/\/psychologie-gepp.at\/wp-content\/uploads\/2020\/11\/Foto-f.-Homepage-3-1-scaled.jpg 1707w\" sizes=\"auto, (max-width: 683px) 100vw, 683px\" \/><\/figure><div class=\"wp-block-media-text__content\">\n<p><\/p>\n\n\n\n<p><strong>Privat:<\/strong> <\/p>\n\n\n\n<p><span class=\"has-inline-color has-black-color\">Ich bin 1989 in Wien geboren. Ich bin verheiratet und habe 3 Kinder. Zu meinen Hobbies z\u00e4hlen Reisen, Musik, Lesen und sportliche Bet\u00e4tigungen wie Volleyball, Laufen oder Wandern.<\/span><\/p>\n\n\n\n<p><strong>Berufliche Qualifikationen:<\/strong><\/p>\n\n\n\n<ul class=\"wp-block-list\" id=\"block-3447f1d0-d1dd-4008-935c-8dfd8a39c0b6\"><li>Studium der Psychologie an der Universit\u00e4t Wien <\/li><li>Postgraduelle Ausbildung zur Klinischen- und Gesundheitspsychologin (gem. BGBl 360\/1990) <\/li><li>Psychotherapeutisches Prop\u00e4deutikum (\u00d6AGG)<\/li><li>Psychotherapeutin (Verhaltenstherapie, AVM)<\/li><li>S\u00e4uglings-, Kinder- und Jugendlichenpsychotherapie (AVM)<\/li><\/ul>\n\n\n\n<p class=\"has-text-align-left\"><strong>Berufliche T\u00e4tigkeiten:<\/strong><\/p>\n\n\n\n<ul class=\"wp-block-list\" id=\"block-b455f7e0-f19d-495a-92d1-ee9f41fa0ef7\"><li>Klinisch psychologische T\u00e4tigkeit an der Universit\u00e4tsklinik f\u00fcr Psychiatrie &amp; Psychotherapie (AKH Wien, 2013)<\/li><li>Klinisch psychologische T\u00e4tigkeit an der Tagesklinik f\u00fcr Psychosomatik, Kinder und Jugendheilkunde (AKH Wien, 2013\/2014)<\/li><li>Psychologische T\u00e4tigkeit im Bundesministerium f\u00fcr Landesverteidigung und Sport (seit 2014)<\/li><li>Fachspezifisches Praktikum an der Abteilung f\u00fcr Psychiatrie und Psychotherapeutische Medizin (Universit\u00e4tsklinikum Tulln, 2019)<\/li><li>Seit 2021 psychologische und psychotherapeutische T\u00e4tigkeit in freier Praxis<\/li><li>Seit 2024 Polizeipsychologin<\/li><\/ul>\n<\/div><\/div>\n","protected":false},"excerpt":{"rendered":"<p>Privat: Ich bin 1989 in Wien geboren. Ich bin verheiratet und habe 3 Kinder. Zu meinen Hobbies z\u00e4hlen Reisen, Musik, Lesen und sportliche Bet\u00e4tigungen wie Volleyball, Laufen oder Wandern. Berufliche Qualifikationen: Studium der Psychologie an der Universit\u00e4t Wien Postgraduelle Ausbildung zur Klinischen- und Gesundheitspsychologin (gem. BGBl 360\/1990) Psychotherapeutisches Prop\u00e4deutikum (\u00d6AGG) Psychotherapeutin (Verhaltenstherapie, AVM) S\u00e4uglings-, Kinder-<a class=\"more-link\" href=\"https:\/\/psychologie-gepp.at\/?page_id=84\"><span class=\"screen-reader-text\">&#8222;\u00dcber Mich&#8220;<\/span> weiterlesen<\/a><\/p>\n","protected":false},"author":1,"featured_media":0,"parent":0,"menu_order":0,"comment_status":"closed","ping_status":"closed","template":"","meta":{"_monsterinsights_skip_tracking":false,"_monsterinsights_sitenote_active":false,"_monsterinsights_sitenote_note":"","_monsterinsights_sitenote_category":0,"footnotes":""},"class_list":["post-84","page","type-page","status-publish","hentry","entry"],"_links":{"self":[{"href":"https:\/\/psychologie-gepp.at\/index.php?rest_route=\/wp\/v2\/pages\/84","targetHints":{"allow":["GET"]}}],"collection":[{"href":"https:\/\/psychologie-gepp.at\/index.php?rest_route=\/wp\/v2\/pages"}],"about":[{"href":"https:\/\/psychologie-gepp.at\/index.php?rest_route=\/wp\/v2\/types\/page"}],"author":[{"embeddable":true,"href":"https:\/\/psychologie-gepp.at\/index.php?rest_route=\/wp\/v2\/users\/1"}],"replies":[{"embeddable":true,"href":"https:\/\/psychologie-gepp.at\/index.php?rest_route=%2Fwp%2Fv2%2Fcomments&post=84"}],"version-history":[{"count":30,"href":"https:\/\/psychologie-gepp.at\/index.php?rest_route=\/wp\/v2\/pages\/84\/revisions"}],"predecessor-version":[{"id":221,"href":"https:\/\/psychologie-gepp.at\/index.php?rest_route=\/wp\/v2\/pages\/84\/revisions\/221"}],"wp:attachment":[{"href":"https:\/\/psychologie-gepp.at\/index.php?rest_route=%2Fwp%2Fv2%2Fmedia&parent=84"}],"curies":[{"name":"wp","href":"https:\/\/api.w.org\/{rel}","templated":true}]}}