{"id":5,"date":"2020-10-14T21:10:54","date_gmt":"2020-10-14T21:10:54","guid":{"rendered":"http:\/\/psychologie-gepp.at\/?page_id=5"},"modified":"2025-03-04T20:33:44","modified_gmt":"2025-03-04T20:33:44","slug":"marie-gepp-psychologin-vertrauensperson","status":"publish","type":"page","link":"https:\/\/psychologie-gepp.at\/","title":{"rendered":"Mag.<sup>a<\/sup> Maria Gepp"},"content":{"rendered":"\n<p>Klinische- und Gesundheitspsychologin<\/p>\n\n\n\n<p>Psychotherapeutin (Verhaltenstherapie)<\/p>\n\n\n\n<div class=\"wp-block-image is-style-default\"><figure class=\"aligncenter size-large\"><img loading=\"lazy\" decoding=\"async\" width=\"1024\" height=\"683\" src=\"http:\/\/psychologie-gepp.at\/wp-content\/uploads\/2020\/11\/IMG_0317-1024x683.jpg\" alt=\"\" class=\"wp-image-163\" srcset=\"https:\/\/psychologie-gepp.at\/wp-content\/uploads\/2020\/11\/IMG_0317-1024x683.jpg 1024w, https:\/\/psychologie-gepp.at\/wp-content\/uploads\/2020\/11\/IMG_0317-300x200.jpg 300w, https:\/\/psychologie-gepp.at\/wp-content\/uploads\/2020\/11\/IMG_0317-768x512.jpg 768w, https:\/\/psychologie-gepp.at\/wp-content\/uploads\/2020\/11\/IMG_0317-1536x1024.jpg 1536w, https:\/\/psychologie-gepp.at\/wp-content\/uploads\/2020\/11\/IMG_0317-2048x1365.jpg 2048w, https:\/\/psychologie-gepp.at\/wp-content\/uploads\/2020\/11\/IMG_0317-1568x1045.jpg 1568w\" sizes=\"auto, (max-width: 1024px) 100vw, 1024px\" \/><\/figure><\/div>\n\n\n\n<div class=\"wp-block-group\"><div class=\"wp-block-group__inner-container is-layout-flow wp-block-group-is-layout-flow\">\n<blockquote class=\"wp-block-quote has-text-align-center is-style-large is-layout-flow wp-block-quote-is-layout-flow\"><p>\u201eAuch aus Steinen, die einem in den Weg gelegt werden, kann man Sch\u00f6nes bauen.\u201c<\/p><cite>Johann Wolfgang von Goethe<\/cite><\/blockquote>\n\n\n\n<p><\/p>\n<\/div><\/div>\n\n\n\n<p class=\"has-drop-cap has-text-align-left has-black-color has-white-background-color has-text-color has-background\">Herzlich willkommen auf meiner Webseite. Als Psychologin und Psychotherapeutin kann ich Ihnen psychologische und psychotherapeutische Behandlung und Beratung anbieten.\u00a0Ziel meiner Arbeit ist es, Sie dabei zu unterst\u00fctzen, auf Ihre St\u00e4rken, Ressourcen und Erfahrungen zugreifen zu k\u00f6nnen, um individuell geeignete L\u00f6sungen, Wege und Ziele zu finden und umzusetzen.\u00a0Ich stelle dabei mein fachliches Wissen, therapeutische Techniken, meine Erfahrung im Umgang mit Menschen und meine pers\u00f6nlichen St\u00e4rken wie Einf\u00fchlungsverm\u00f6gen, Geduld und Toleranz zur Verf\u00fcgung. <br><br>Ich freue mich, Sie kennenzulernen.<\/p>\n","protected":false},"excerpt":{"rendered":"<p>Klinische- und Gesundheitspsychologin Psychotherapeutin (Verhaltenstherapie) \u201eAuch aus Steinen, die einem in den Weg gelegt werden, kann man Sch\u00f6nes bauen.\u201c Johann Wolfgang von Goethe Herzlich willkommen auf meiner Webseite. Als Psychologin und Psychotherapeutin kann ich Ihnen psychologische und psychotherapeutische Behandlung und Beratung anbieten.\u00a0Ziel meiner Arbeit ist es, Sie dabei zu unterst\u00fctzen, auf Ihre St\u00e4rken, Ressourcen und<a class=\"more-link\" href=\"https:\/\/psychologie-gepp.at\/\"><span class=\"screen-reader-text\">&#8222;Mag.<sup>a<\/sup> Maria Gepp&#8220;<\/span> weiterlesen<\/a><\/p>\n","protected":false},"author":1,"featured_media":0,"parent":0,"menu_order":0,"comment_status":"closed","ping_status":"closed","template":"","meta":{"_monsterinsights_skip_tracking":false,"_monsterinsights_sitenote_active":false,"_monsterinsights_sitenote_note":"","_monsterinsights_sitenote_category":0,"footnotes":""},"class_list":["post-5","page","type-page","status-publish","hentry","entry"],"_links":{"self":[{"href":"https:\/\/psychologie-gepp.at\/index.php?rest_route=\/wp\/v2\/pages\/5","targetHints":{"allow":["GET"]}}],"collection":[{"href":"https:\/\/psychologie-gepp.at\/index.php?rest_route=\/wp\/v2\/pages"}],"about":[{"href":"https:\/\/psychologie-gepp.at\/index.php?rest_route=\/wp\/v2\/types\/page"}],"author":[{"embeddable":true,"href":"https:\/\/psychologie-gepp.at\/index.php?rest_route=\/wp\/v2\/users\/1"}],"replies":[{"embeddable":true,"href":"https:\/\/psychologie-gepp.at\/index.php?rest_route=%2Fwp%2Fv2%2Fcomments&post=5"}],"version-history":[{"count":36,"href":"https:\/\/psychologie-gepp.at\/index.php?rest_route=\/wp\/v2\/pages\/5\/revisions"}],"predecessor-version":[{"id":218,"href":"https:\/\/psychologie-gepp.at\/index.php?rest_route=\/wp\/v2\/pages\/5\/revisions\/218"}],"wp:attachment":[{"href":"https:\/\/psychologie-gepp.at\/index.php?rest_route=%2Fwp%2Fv2%2Fmedia&parent=5"}],"curies":[{"name":"wp","href":"https:\/\/api.w.org\/{rel}","templated":true}]}}