{"id":125,"date":"2020-11-24T17:10:57","date_gmt":"2020-11-24T17:10:57","guid":{"rendered":"http:\/\/psychologie-gepp.at\/?page_id=125"},"modified":"2026-01-06T01:34:11","modified_gmt":"2026-01-06T01:34:11","slug":"rahmenbedingungen","status":"publish","type":"page","link":"https:\/\/psychologie-gepp.at\/?page_id=125","title":{"rendered":"Rahmenbedingungen"},"content":{"rendered":"\n<h3 class=\"wp-block-heading\">Honorar<\/h3>\n\n\n\n<p>Ein Erstgespr\u00e4ch, eine klinisch-psychologische sowie psychotherapeutische Behandlung kostet \u20ac 120,- \u00e1 50 Minuten.<\/p>\n\n\n\n<h3 class=\"wp-block-heading\">Kostenzuschuss<\/h3>\n\n\n\n<p>F\u00fcr die klinisch-psychologische sowie psychotherapeuthische Behandlung ist es bei Vorliegen einer krankheitswertigen St\u00f6rung (Diagnose nach ICD C) m\u00f6glich, dass Sie einen Kostenzuschuss bei Ihrer Krankenkasse beantragen. <\/p>\n\n\n\n<p>N\u00e4here&nbsp;Informationen siehe <a href=\"https:\/\/www.psychotherapie.at\/patientinnen\/finanzierung\">Link \u00d6BVP<\/a>&nbsp;(\u00d6sterreichischer Berufsverband f\u00fcr Psychotherapie) bzw. Detailinformationen siehe jeweilige Gesundheitskasse:&nbsp;<a href=\"https:\/\/www.gesundheitskasse.at\/cdscontent\/?contentid=10007.866742&amp;portal=oegkportal\">\u00d6GK<\/a> |&nbsp;<a class=\"\" href=\"https:\/\/www.svs.at\/cdscontent\/?contentid=10007.816748\">SVS<\/a>&nbsp;|&nbsp;<a class=\"\" href=\"https:\/\/www.bvaeb.at\/cdscontent\/?contentid=10007.840464&amp;portal=bvaebbportal\">BVAEB<\/a><\/p>\n\n\n\n<ul class=\"wp-block-list\">\n<li>\u00d6GK (vormals GKK): \u20ac\u00a033,70<\/li>\n\n\n\n<li>SVS (vormals SVA-und SVB-Versicherte): \u20ac 45,00<\/li>\n\n\n\n<li>BVAEB (vormals BVA- u. VAEB-Versicherte): \u20ac\u00a046,60<\/li>\n\n\n\n<li>KFA: \u20ac 37,00<\/li>\n<\/ul>\n\n\n\n<h2 class=\"wp-block-heading\">Terminvereinbarung<\/h2>\n\n\n\n<p>Kontaktieren Sie mich bitte telefonisch (0677\/63508871)&nbsp;oder&nbsp;per E-Mail (mg@psychologie-gepp.at). Falls Sie mich nicht pers\u00f6nlich erreichen, ersuche ich Sie, auf der Sprachbox eine Nachricht mit Ihrem Namen, Ihrer Telefonnummer und Zeiten, zu denen ich Sie erreichen kann, zu hinterlassen. Ich rufe Sie sobald es mir m\u00f6glich ist gerne zur\u00fcck. <\/p>\n\n\n\n<h3 class=\"wp-block-heading\">Absageregelung<\/h3>\n\n\n\n<p>Ich ersuche Sie im Falle einer Terminverschiebung oder Absage mich so fr\u00fch wie m\u00f6glich zu informieren. Eine kostenfreie Absage vereinbarter Termine ist bis 24 Stunden vor dem Termin m\u00f6glich.<br>Ich bitte um Verst\u00e4ndnis, dass bei kurzfristigen Absagen bzw. bei Vers\u00e4umnissen von Terminen ohne Absage das sonst entstandene Honorar in Rechnung gestellt wird. <\/p>\n\n\n\n<h3 class=\"wp-block-heading\">Verschwiegenheit<\/h3>\n\n\n\n<p><span class=\"has-inline-color has-black-color\">Ich m\u00f6chte Ihnen versichern, dass ich alle Informationen vertraulich behandle, da ich der strengen Verschwiegenheitspflicht gem\u00e4\u00df \u00a737 Psychologengesetz 2013, BGBl. I Nr. 182 | 2013, \u00a715 des Psychotherapiegesetzes<\/span> sowie <span class=\"has-inline-color has-black-color\">dem Berufsgeheimnis unterliege.<\/span><\/p>\n","protected":false},"excerpt":{"rendered":"<p>Honorar Ein Erstgespr\u00e4ch, eine klinisch-psychologische sowie psychotherapeutische Behandlung kostet \u20ac 120,- \u00e1 50 Minuten. Kostenzuschuss F\u00fcr die klinisch-psychologische sowie psychotherapeuthische Behandlung ist es bei Vorliegen einer krankheitswertigen St\u00f6rung (Diagnose nach ICD C) m\u00f6glich, dass Sie einen Kostenzuschuss bei Ihrer Krankenkasse beantragen. N\u00e4here&nbsp;Informationen siehe Link \u00d6BVP&nbsp;(\u00d6sterreichischer Berufsverband f\u00fcr Psychotherapie) bzw. Detailinformationen siehe jeweilige Gesundheitskasse:&nbsp;\u00d6GK |&nbsp;SVS&nbsp;|&nbsp;BVAEB Terminvereinbarung<a class=\"more-link\" href=\"https:\/\/psychologie-gepp.at\/?page_id=125\"><span class=\"screen-reader-text\">&#8222;Rahmenbedingungen&#8220;<\/span> weiterlesen<\/a><\/p>\n","protected":false},"author":1,"featured_media":0,"parent":0,"menu_order":0,"comment_status":"closed","ping_status":"closed","template":"","meta":{"_monsterinsights_skip_tracking":false,"_monsterinsights_sitenote_active":false,"_monsterinsights_sitenote_note":"","_monsterinsights_sitenote_category":0,"footnotes":""},"class_list":["post-125","page","type-page","status-publish","hentry","entry"],"_links":{"self":[{"href":"https:\/\/psychologie-gepp.at\/index.php?rest_route=\/wp\/v2\/pages\/125","targetHints":{"allow":["GET"]}}],"collection":[{"href":"https:\/\/psychologie-gepp.at\/index.php?rest_route=\/wp\/v2\/pages"}],"about":[{"href":"https:\/\/psychologie-gepp.at\/index.php?rest_route=\/wp\/v2\/types\/page"}],"author":[{"embeddable":true,"href":"https:\/\/psychologie-gepp.at\/index.php?rest_route=\/wp\/v2\/users\/1"}],"replies":[{"embeddable":true,"href":"https:\/\/psychologie-gepp.at\/index.php?rest_route=%2Fwp%2Fv2%2Fcomments&post=125"}],"version-history":[{"count":18,"href":"https:\/\/psychologie-gepp.at\/index.php?rest_route=\/wp\/v2\/pages\/125\/revisions"}],"predecessor-version":[{"id":226,"href":"https:\/\/psychologie-gepp.at\/index.php?rest_route=\/wp\/v2\/pages\/125\/revisions\/226"}],"wp:attachment":[{"href":"https:\/\/psychologie-gepp.at\/index.php?rest_route=%2Fwp%2Fv2%2Fmedia&parent=125"}],"curies":[{"name":"wp","href":"https:\/\/api.w.org\/{rel}","templated":true}]}}